{"id":18,"date":"2021-03-22T20:12:13","date_gmt":"2021-03-22T20:12:13","guid":{"rendered":"https:\/\/oppegardbrus.no\/?page_id=18"},"modified":"2024-04-04T20:27:35","modified_gmt":"2024-04-04T18:27:35","slug":"om-oss","status":"publish","type":"page","link":"https:\/\/oppegardbrus.no\/?page_id=18","title":{"rendered":"Brusferden og produksjon"},"content":{"rendered":"\n<figure class=\"wp-block-image alignwide size-large\"><img loading=\"lazy\" width=\"800\" height=\"389\" src=\"https:\/\/oppegardbrus.no\/wp-content\/uploads\/2021\/03\/gutta-800pix.png\" alt=\"Gutta\" class=\"wp-image-30\" srcset=\"https:\/\/oppegardbrus.no\/wp-content\/uploads\/2021\/03\/gutta-800pix.png 800w, https:\/\/oppegardbrus.no\/wp-content\/uploads\/2021\/03\/gutta-800pix-300x146.png 300w, https:\/\/oppegardbrus.no\/wp-content\/uploads\/2021\/03\/gutta-800pix-768x373.png 768w\" sizes=\"(max-width: 800px) 100vw, 800px\" \/><\/figure>\n\n\n\n<p class=\"has-text-align-left\">Halla! Lars, Fabian og Andreas her. Vi er gutta som startet Oppeg\u00e5rd Brus tilbake i 2018 som et svar p\u00e5 en mangel vi s\u00e5 i norsk brusindustri. Som bruselskere s\u00e5 vi oss lei p\u00e5 at all brusen i butikken ikke inneholdt annet enn sukker, vann og en masse E-stoffer og den smakte heller ikke s\u00e6rlig godt. Det var da vi bestemte oss for \u00e5 ta saken i egne hender, vi skulle lage v\u00e5r egen brus med naturlige og lokale ingredienser. <\/p>\n\n\n\n<p>Den 8. desember 2018 s\u00e5 de aller f\u00f8rste flaskene med Oppeg\u00e5rd Brus Julebrus dagens lys. Det ble en umiddelbar suksess. Brusen v\u00e5r var, og er fortsatt, laget p\u00e5 ekte norske bringeb\u00e6r s\u00f8tet med lokal honning fra bier p\u00e5 Svartskog. Vi har g\u00e5tt vekk fra produksjonen i brusrommet hjemme hos Lars og utviklet repertoaret v\u00e5rt av smaker. I mars 2020 startet vi et aksjeselskap og profesjonaliserte driften. <\/p>\n\n\n\n<p>I dag kan du nyte en kald Oppeg\u00e5rd Brus i utvalgte kafeer over hele landet, nye kommer til hele tiden. Fremover vil vi fortsette \u00e5 bringe gode smaksopplevelser til det norske folk, og kanskje, bare kanskje, klarer vi \u00e5 endre norsk brusindustri litte grann p\u00e5 veien.<\/p>\n\n\n\n<h2>Produksjon<\/h2>\n\n\n\n<div class=\"wp-block-image\"><figure class=\"alignleft size-large is-resized\"><img loading=\"lazy\" src=\"https:\/\/oppegardbrus.no\/wp-content\/uploads\/2021\/09\/Bringebaer-rad-nettside-1024x681.jpg\" alt=\"\" class=\"wp-image-1770\" width=\"410\" height=\"270\"\/><\/figure><\/div>\n\n\n\n<figure class=\"wp-block-image size-large is-resized\"><img loading=\"lazy\" src=\"https:\/\/oppegardbrus.no\/wp-content\/uploads\/2021\/09\/Bringebaer-supremecy-nettside-1024x681.jpg\" alt=\"\" class=\"wp-image-1769\" width=\"410\" height=\"270\"\/><\/figure>\n\n\n\n<h3>Siden starten har Oppeg\u00e5rd Brus hatt to m\u00e5l:<br>1. Lage verdens beste brus<br>2. F\u00f8re norsk mineralvannsindustri inn p\u00e5 et nytt spor med lokale og naturlige r\u00e5varer i fokus. Vi jobber enn\u00e5 med m\u00e5l to.<\/h3>\n\n\n\n<p>Den aller f\u00f8rste flasken med Oppeg\u00e5rd Brus s\u00e5 lyset i et selvbygd kj\u00f8kken nede i en garasje p\u00e5 Svartskog i Oppeg\u00e5rd. Med i underkant av 10kvm var det trangt om plassen, men det holdt til \u00e5 produsere v\u00e5r deilige leskedrikk. Det var i denne kjelleren alle v\u00e5re fire smaker ble utviklet, og det med v\u00e5r s\u00e6regne produksjonsmetode.<\/p>\n\n\n\n<p>Hos Oppeg\u00e5rd Brus koker vi alle r\u00e5varene sammen og tapper direkte fra kjelen p\u00e5 flaske. Denne metoden er ganske s\u00e5 unik da den frigj\u00f8r all smaken fra r\u00e5varene. Det er dette som gir brusen v\u00e5r den s\u00e6regne \u201cekte\u201d smaken, enten det gjelder smaken av sicilianske sitroner eller norske bringeb\u00e6r. Vi mener at en brus ikke b\u00f8r v\u00e6re mer avansert enn at du kan lage den hjemme p\u00e5 kj\u00f8kkenet selv.<\/p>\n\n\n\n<p>Da vi skulle lage Oppeg\u00e5rd Brus Julebrus i 2018 m\u00e5tte vi stille oss selv et viktig sp\u00f8rsm\u00e5l: Hvordan lager man brus? Ingen av oss hadde noen gang tidligere fors\u00f8kt noe lignende s\u00e5 vi m\u00e5tte rett og slett bare kaste oss ut i det. I starten ble resultatet s\u00e5 som s\u00e5. Utgangspunktet var hele tiden en brus laget av bringeb\u00e6r, men vi \u00f8nsket noe mer. Vi testet med alt fra kanel til ingef\u00e6r, men lite av dette ga \u00f8nsket resultat. Til slutt inns\u00e5 vi at l\u00f8sningen hadde v\u00e6rt foran nesa v\u00e5r hele tiden. En ren bringeb\u00e6rbrus uten noe annet i, en virkelig gamechanger innenfor julebrus. Siden 2018 har vi v\u00e6rt tro til den originale oppskriften, og v\u00e5r Julebrus gj\u00f8r fremdeles \u201csmaken av sommer til smaken av jul\u201d.<\/p>\n\n\n\n<p><\/p>\n\n\n\n<p><strong>Her ser du reisen v\u00e5r dokumentert gjennom aviser og innslag i kronologisk rekkef\u00f8lge:<\/strong><\/p>\n\n\n\n<p><strong>Oppeg\u00e5rd avis<\/strong><\/p>\n\n\n\n<ul><li><a href=\"https:\/\/www.oavis.no\/brus-ingierasen-skole-julebrus\/de-lager-lokal-julebrus\/292802\"><em>De lager lokal julebrus<\/em><\/a> (2018) <\/li><li><em><a rel=\"noreferrer noopener\" href=\"https:\/\/www.oavis.no\/a\/352654\" target=\"_blank\">Lokal&nbsp;brus&nbsp;til ju<\/a>l<\/em> (2019)<\/li><li><a rel=\"noreferrer noopener\" href=\"https:\/\/www.oavis.no\/a\/293151\" target=\"_blank\"><em>Vant med julebrus<\/em><\/a> (2019)<\/li><li><a href=\"https:\/\/www.oavis.no\/oppegard-brus\/knuste-gigantene\/625140\"><em>Knuste gigantene<\/em><\/a> (2021)<\/li><li><a href=\"https:\/\/www.oavis.no\/oppegard-brus\/lokale-krefter-styrker-lokalbrus\/672720\">Lokale krefter styrker lokalbrus<\/a> (2022)<\/li><\/ul>\n\n\n\n<p>I<strong>nnslag p\u00e5 \u00d8stlandssendingen\/NRK (2019)<\/strong><\/p>\n\n\n\n<ul><li>&#8220;<a href=\"https:\/\/tv.nrk.no\/serie\/distriktsnyheter-oestlandssendingen\/201812\/DKOA99121818\/avspiller#t=4m12s\"><em>Har laget egen julebrus<\/em><\/a>&#8221; 4.20 min inn i sendingen.<\/li><\/ul>\n\n\n\n<p><strong>\u00d8stlandets blad<\/strong><\/p>\n\n\n\n<ul><li><a rel=\"noreferrer noopener\" href=\"https:\/\/www.oblad.no\/elevbedrift\/nyhet\/nordre-follo\/gutta-i-oppegard-brus-takker-lokalbefolkningen-for-stotten-i-vanskelig-tid-og-satser-videre-6000-flasker-bringebarbrus-skal-ut-til-folket\/s\/5-68-827609\" target=\"_blank\"><em>Gutta i Oppeg\u00e5rd Brus takker lokalbefolkningen for st\u00f8tten i vanskelig tid og satser videre<\/em><\/a> (2020)<\/li><li><a rel=\"noreferrer noopener\" href=\"https:\/\/www.oblad.no\/nyhet\/svartskog-spekeri\/okonomi-og-naringsliv\/svartskog-spekeri-slar-seg-sammen-med-oppegard-brus-og-sjodalstrand-gard-for-a-fa-solgt-mat-og-drikke-til-paske\/s\/5-68-810045\" target=\"_blank\"><em>Svartskog Spekeri sl\u00e5r seg sammen med Oppeg\u00e5rd brus for \u00e5 selge mat og drikke til p\u00e5ske&nbsp;<\/em><\/a> (2020)<\/li><li><a rel=\"noreferrer noopener\" href=\"https:\/\/www.oblad.no\/oppegard-brus\/oppegard\/svartskog\/lars-fabian-og-andreas-satser-alt-pa-egenprodusert-lokal-brus-na-skal-de-friste-folk-med-en-ny-variant-til-paske-na-haper-vi-pa-mye-salg\/s\/5-68-985367\" target=\"_blank\"><em>Lars, Fabian og Andreas satser alt p\u00e5 egenprodusert, lokal brus \u2013 n\u00e5 skal de friste folk med en ny variant til p\u00e5ske<\/em><\/a> (2021)<\/li><li><em><a href=\"https:\/\/www.oblad.no\/passerte-millionomsetning-i-fjor-hadde-ingen-planer-om-at-det-skulle-bli-sa-stort\/s\/5-68-1146701\">Millionomsetning i fjor<\/a><\/em> (2022)<\/li><\/ul>\n\n\n\n<p><strong>Dagens N\u00e6ringsliv<\/strong><\/p>\n\n\n\n<ul><li><a href=\"https:\/\/www.dn.no\/handel\/ung\/brus\/tenaringer-begynte-i-mamma-og-pappas-garasje-na-er-det-full-business-pa-bryggeri\/2-1-934666\"><em>Ten\u00e5ringer begynte i mamma og pappas garasje &#8211; n\u00e5 er det full business p\u00e5 bryggeri<\/em><\/a> (2020, krever abonnement)<\/li><\/ul>\n\n\n\n<p><strong>Norsk mat<\/strong><\/p>\n\n\n\n<ul><li><a href=\"https:\/\/kommunikasjon.ntb.no\/pressemelding\/spesialitetsmerkets-yngste-produsenter?publisherId=9442021&amp;releaseId=17906446\"><em>Spesialitetsmerkets yngste produsenter<\/em><\/a> (2021)<\/li><\/ul>\n","protected":false},"excerpt":{"rendered":"<p>Halla! Lars, Fabian og Andreas her. Vi er gutta som startet Oppeg\u00e5rd Brus tilbake i 2018 som et svar p\u00e5 en mangel vi s\u00e5 i norsk brusindustri. Som bruselskere s\u00e5&#8230;<\/p>\n","protected":false},"author":3,"featured_media":0,"parent":0,"menu_order":0,"comment_status":"closed","ping_status":"closed","template":"","meta":[],"_links":{"self":[{"href":"https:\/\/oppegardbrus.no\/index.php?rest_route=\/wp\/v2\/pages\/18"}],"collection":[{"href":"https:\/\/oppegardbrus.no\/index.php?rest_route=\/wp\/v2\/pages"}],"about":[{"href":"https:\/\/oppegardbrus.no\/index.php?rest_route=\/wp\/v2\/types\/page"}],"author":[{"embeddable":true,"href":"https:\/\/oppegardbrus.no\/index.php?rest_route=\/wp\/v2\/users\/3"}],"replies":[{"embeddable":true,"href":"https:\/\/oppegardbrus.no\/index.php?rest_route=%2Fwp%2Fv2%2Fcomments&post=18"}],"version-history":[{"count":25,"href":"https:\/\/oppegardbrus.no\/index.php?rest_route=\/wp\/v2\/pages\/18\/revisions"}],"predecessor-version":[{"id":1981,"href":"https:\/\/oppegardbrus.no\/index.php?rest_route=\/wp\/v2\/pages\/18\/revisions\/1981"}],"wp:attachment":[{"href":"https:\/\/oppegardbrus.no\/index.php?rest_route=%2Fwp%2Fv2%2Fmedia&parent=18"}],"curies":[{"name":"wp","href":"https:\/\/api.w.org\/{rel}","templated":true}]}}